{"id":12368,"date":"2023-07-04T18:29:27","date_gmt":"2023-07-04T16:29:27","guid":{"rendered":"https:\/\/test.imprimetresde.com\/producto\/colecao-flor-do-tojo\/"},"modified":"2025-03-26T17:43:44","modified_gmt":"2025-03-26T15:43:44","slug":"colecao-flor-do-tojo","status":"publish","type":"product","link":"https:\/\/test.imprimetresde.com\/pt-pt\/producto\/colecao-flor-do-tojo\/","title":{"rendered":"Cole\u00e7\u00e3o Flor do Tojo"},"content":{"rendered":"<p>Cole\u00e7\u00e3o Flor do Tojo. Colar, brincos, pregadeira e anel desenhados por Imprimetresde na sua cor t\u00edpica, o amarelo. Chorimas ou flor do tojo ou giesta, que todos os anos tingem de beleza os nossos campos e montanhas.<\/p>\n<p>*O material em que \u00e9 fabricado \u00e9 o <a href=\"https:\/\/test.imprimetresde.com\/gl\/o-noso-material-de-impresion-o-pla-polimero-biodegradabel-procedente-de-recursos-vexetais\/\">PLA<\/a>, um material biodegrad\u00e1vel, n\u00e3o t\u00f3xico e ecol\u00f3gico derivado de mat\u00e9ria vegetal.<\/p>\n","protected":false},"excerpt":{"rendered":"<p>Cole\u00e7\u00e3o Flor do Tojo. Colar, brincos, pregadeira e anel desenhados por <a href=\"https:\/\/test.imprimetresde.com\/gl\/\">Imprimetresde<\/a> en su color t\u00edpico, el amarillo. <a href=\"https:\/\/gl.wikipedia.org\/wiki\/Chorima\">Chorimas <\/a> ou flor do tojo ou giesta, que todos os anos tingem de beleza os nossos campos e montanhas<\/p>\n","protected":false},"featured_media":12164,"comment_status":"open","ping_status":"closed","template":"","meta":{"_vp_format_video_url":"","_vp_image_focal_point":[]},"product_brand":[],"product_cat":[1313,1314,1042],"product_tag":[2365,2368,2369,1873,2360,2362,1134,2363,1139,2361,2364,2370,1702,1704,1703,2552,2551,2366,1077,2367],"class_list":{"0":"post-12368","1":"product","2":"type-product","3":"status-publish","4":"has-post-thumbnail","6":"product_cat-brincos","7":"product_cat-colares","8":"product_cat-complementos-pt-pt","9":"product_tag-ai-ven-o-maio-pt-pt","10":"product_tag-amarelo-pt-pt","11":"product_tag-amarelo-pt-pt-2","12":"product_tag-anel-pt-pt","13":"product_tag-brincos-pt-pt-2","14":"product_tag-brincos-pt-pt-3","15":"product_tag-broche-pt-pt","16":"product_tag-chorima-pt-pt","17":"product_tag-dia-da-mae-pt-pt","18":"product_tag-flor-pt-pt","19":"product_tag-flor-do-tojo","20":"product_tag-galega-pt-pt-2","21":"product_tag-galega-pt-pt","22":"product_tag-galicia-pt-pt","23":"product_tag-galiza-pt-pt","24":"product_tag-impresion-3d-a-coruna-pt-pt","25":"product_tag-impresion-3d-coruna-pt-pt","26":"product_tag-maio-pt-pt","27":"product_tag-pingente-pt-pt","28":"product_tag-primavera-pt-pt","30":"first","31":"instock","32":"sale","33":"taxable","34":"shipping-taxable","35":"purchasable","36":"product-type-variable"},"exclude_global_add_ons":false,"addons":[{"name":"Material de las fornituras (opcional)","type":"checkbox","position":0,"required":false,"title_format":"label","default":"","description_enable":true,"description":"Opci\u00f3n de incorporar fornituras de plata 925, de primera ley.","placeholder_enable":false,"placeholder":"","display":"select","restrictions_type":"any_text","adjust_price":false,"price":"","price_type":"flat_fee","restrictions":false,"min":"0","max":"0","options":[{"label":"Plata","price":"5","price_type":"flat_fee","image":0,"visibility":true}]},{"name":"Material da Cadea (opcional)","type":"checkbox","position":0,"required":false,"title_format":"label","default":"","description_enable":true,"description":"Op\u00e7ao de facer a pe\u00e7a con cadea e accesorios de prata 925, de primera lei.","placeholder_enable":false,"placeholder":"","display":"select","restrictions_type":"any_text","adjust_price":false,"price":"","price_type":"flat_fee","restrictions":false,"min":"0","max":"0","options":[{"label":"Prata","price":"10","price_type":"flat_fee","image":0,"visibility":true}]}],"_links":{"self":[{"href":"https:\/\/test.imprimetresde.com\/pt-pt\/wp-json\/wp\/v2\/product\/12368","targetHints":{"allow":["GET"]}}],"collection":[{"href":"https:\/\/test.imprimetresde.com\/pt-pt\/wp-json\/wp\/v2\/product"}],"about":[{"href":"https:\/\/test.imprimetresde.com\/pt-pt\/wp-json\/wp\/v2\/types\/product"}],"replies":[{"embeddable":true,"href":"https:\/\/test.imprimetresde.com\/pt-pt\/wp-json\/wp\/v2\/comments?post=12368"}],"wp:featuredmedia":[{"embeddable":true,"href":"https:\/\/test.imprimetresde.com\/pt-pt\/wp-json\/wp\/v2\/media\/12164"}],"wp:attachment":[{"href":"https:\/\/test.imprimetresde.com\/pt-pt\/wp-json\/wp\/v2\/media?parent=12368"}],"wp:term":[{"taxonomy":"product_brand","embeddable":true,"href":"https:\/\/test.imprimetresde.com\/pt-pt\/wp-json\/wp\/v2\/product_brand?post=12368"},{"taxonomy":"product_cat","embeddable":true,"href":"https:\/\/test.imprimetresde.com\/pt-pt\/wp-json\/wp\/v2\/product_cat?post=12368"},{"taxonomy":"product_tag","embeddable":true,"href":"https:\/\/test.imprimetresde.com\/pt-pt\/wp-json\/wp\/v2\/product_tag?post=12368"}],"curies":[{"name":"wp","href":"https:\/\/api.w.org\/{rel}","templated":true}]}}