{"id":6705,"date":"2019-04-05T11:59:24","date_gmt":"2019-04-05T10:59:24","guid":{"rendered":"https:\/\/test.imprimetresde.com\/?post_type=product&#038;p=6705"},"modified":"2020-04-24T16:41:57","modified_gmt":"2020-04-24T15:41:57","slug":"marcador-guimaraes","status":"publish","type":"product","link":"https:\/\/test.imprimetresde.com\/pt-pt\/producto\/marcador-guimaraes\/","title":{"rendered":"Marcador Guimar\u00e3es"},"content":{"rendered":"<p>Marcador Guimar\u00e3es en formato Litofan\u00eda ideia original de <a href=\"https:\/\/test.imprimetresde.com\/gl\/\">Imprimetresde<\/a>\u00a0. Guimar\u00e3es, Caminha, Braga, Porto ou da vila que vo\u00e7e escolha. Pode leva-los consigo para todo o lado.<\/p>\n<p>*O material no que est\u00e1 realizado \u00e9 <a href=\"https:\/\/test.imprimetresde.com\/gl\/o-noso-material-de-impresion-o-pla-polimero-biodegradabel-procedente-de-recursos-vexetais\/\">PLA<\/a>, material procedente de materia vexetal, biodegrad\u00e1bel, non t\u00f3xico e ecol\u00f3xico<\/p>\n","protected":false},"excerpt":{"rendered":"<p>Marcador Guimar\u00e3es en formato Litofan\u00eda ideia original de <a href=\"https:\/\/test.imprimetresde.com\/gl\/\">Imprimetresde<\/a>\u00a0. Guimar\u00e3es, Caminha, Braga, Porto ou da vila que vo\u00e7e escolha. Pode leva-los consigo para todo o lado.<\/p>\n","protected":false},"featured_media":7394,"comment_status":"open","ping_status":"closed","template":"","meta":{"_vp_format_video_url":"","_vp_image_focal_point":[]},"product_brand":[],"product_cat":[996,995],"product_tag":[965,964,967,963,966],"class_list":{"0":"post-6705","1":"product","2":"type-product","3":"status-publish","4":"has-post-thumbnail","6":"product_cat-cultura-pt-pt","7":"product_cat-ambente","8":"product_tag-castelo-de-guimaraes","9":"product_tag-guimaraes","10":"product_tag-libros-pt-pt","11":"product_tag-marcador","12":"product_tag-portugal","14":"first","15":"instock","16":"featured","17":"taxable","18":"shipping-taxable","19":"purchasable","20":"product-type-simple"},"exclude_global_add_ons":[],"addons":[],"_links":{"self":[{"href":"https:\/\/test.imprimetresde.com\/pt-pt\/wp-json\/wp\/v2\/product\/6705","targetHints":{"allow":["GET"]}}],"collection":[{"href":"https:\/\/test.imprimetresde.com\/pt-pt\/wp-json\/wp\/v2\/product"}],"about":[{"href":"https:\/\/test.imprimetresde.com\/pt-pt\/wp-json\/wp\/v2\/types\/product"}],"replies":[{"embeddable":true,"href":"https:\/\/test.imprimetresde.com\/pt-pt\/wp-json\/wp\/v2\/comments?post=6705"}],"wp:featuredmedia":[{"embeddable":true,"href":"https:\/\/test.imprimetresde.com\/pt-pt\/wp-json\/wp\/v2\/media\/7394"}],"wp:attachment":[{"href":"https:\/\/test.imprimetresde.com\/pt-pt\/wp-json\/wp\/v2\/media?parent=6705"}],"wp:term":[{"taxonomy":"product_brand","embeddable":true,"href":"https:\/\/test.imprimetresde.com\/pt-pt\/wp-json\/wp\/v2\/product_brand?post=6705"},{"taxonomy":"product_cat","embeddable":true,"href":"https:\/\/test.imprimetresde.com\/pt-pt\/wp-json\/wp\/v2\/product_cat?post=6705"},{"taxonomy":"product_tag","embeddable":true,"href":"https:\/\/test.imprimetresde.com\/pt-pt\/wp-json\/wp\/v2\/product_tag?post=6705"}],"curies":[{"name":"wp","href":"https:\/\/api.w.org\/{rel}","templated":true}]}}