{"id":7132,"date":"2020-04-11T13:05:13","date_gmt":"2020-04-11T12:05:13","guid":{"rendered":"https:\/\/test.imprimetresde.com\/producto\/clip-de-mascara-5-pecas\/"},"modified":"2024-06-24T00:31:03","modified_gmt":"2024-06-23T22:31:03","slug":"clipes-de-mascaras-5-pecas","status":"publish","type":"product","link":"https:\/\/test.imprimetresde.com\/pt-pt\/producto\/clipes-de-mascaras-5-pecas\/","title":{"rendered":"Clipes de m\u00e1scaras (5 pe\u00e7as)"},"content":{"rendered":"<p>Clipes de m\u00e1scaras (5 pe\u00e7as), para proteger seus ouvidos. Use a m\u00e1scara confortavelmente sem se preocupar em machucar seus ouvidos.<\/p>\n<p>*O material em que \u00e9 fabricado \u00e9 o PLA, material de mat\u00e9ria vegetal, biodegrad\u00e1vel, at\u00f3xico e ecol\u00f3gico.<\/p>\n","protected":false},"excerpt":{"rendered":"<p>Clipes de m\u00e1scaras (5 pe\u00e7as), para proteger seus ouvidos. Use a m\u00e1scara confortavelmente sem se preocupar em machucar seus ouvidos.<\/p>\n","protected":false},"featured_media":7124,"comment_status":"open","ping_status":"closed","template":"","meta":{"_vp_format_video_url":"","_vp_image_focal_point":[]},"product_brand":[],"product_cat":[1043,1042,1071],"product_tag":[1046,1045,1050,1052,1053,1057,1051,2552,2551,1044,1055,1054,1049,1056,1048,1047],"class_list":{"0":"post-7132","1":"product","2":"type-product","3":"status-publish","4":"has-post-thumbnail","6":"product_cat-activismo-pt-pt","7":"product_cat-complementos-pt-pt","8":"product_cat-gadgets-pt-pt","9":"product_tag-coronavirus-pt-pt","10":"product_tag-covid19-pt-pt","11":"product_tag-crise-sanitaria-pt-pt","12":"product_tag-enfermeiras","13":"product_tag-enfermeiros","14":"product_tag-estado-de-emergencia","15":"product_tag-hospitais-pt-pt","16":"product_tag-impresion-3d-a-coruna-pt-pt","17":"product_tag-impresion-3d-coruna-pt-pt","18":"product_tag-mascaras","19":"product_tag-medicas-pt-pt","20":"product_tag-medicos-pt-pt","21":"product_tag-pandemia-pt-pt","22":"product_tag-personal-sanitario-pt-pt","23":"product_tag-protecao","24":"product_tag-proteccion-pt-pt","26":"first","27":"instock","28":"taxable","29":"shipping-taxable","30":"purchasable","31":"product-type-variable"},"exclude_global_add_ons":false,"addons":[{"name":"Cor","type":"multiple_choice","position":0,"required":true,"title_format":"heading","default":"","description_enable":true,"description":" Escolha a cor do PLA para o produto","placeholder_enable":false,"placeholder":"","display":"select","restrictions_type":"any_text","adjust_price":false,"price":"","price_type":"flat_fee","restrictions":false,"min":"0","max":"0","options":[{"label":"Lil\u00e1","price":"","price_type":"flat_fee","image":0,"visibility":true},{"label":"Cinza prateado","price":"","price_type":"flat_fee","image":0,"visibility":true},{"label":"Branco","price":"","price_type":"flat_fee","image":0,"visibility":true},{"label":"Vermelho","price":"","price_type":"flat_fee","image":0,"visibility":true}]},{"name":"Texto personalizado","type":"heading","position":0,"required":false,"title_format":"label","default":"","description_enable":true,"description":"**Texto que llevar\u00e1 el objeto al imprimirlo (8 caracteres m\u00e1ximo)","placeholder_enable":false,"placeholder":"","display":"select","restrictions_type":"any_text","adjust_price":false,"price":"","price_type":"","restrictions":false,"min":"0","max":"0","options":[]},{"name":"Texto","type":"custom_text","position":0,"required":false,"title_format":"label","default":"","description_enable":false,"description":"","placeholder_enable":false,"placeholder":"","display":"select","restrictions_type":"any_text","adjust_price":true,"price":"5","price_type":"quantity_based","restrictions":false,"min":"","max":"","options":[]}],"_links":{"self":[{"href":"https:\/\/test.imprimetresde.com\/pt-pt\/wp-json\/wp\/v2\/product\/7132","targetHints":{"allow":["GET"]}}],"collection":[{"href":"https:\/\/test.imprimetresde.com\/pt-pt\/wp-json\/wp\/v2\/product"}],"about":[{"href":"https:\/\/test.imprimetresde.com\/pt-pt\/wp-json\/wp\/v2\/types\/product"}],"replies":[{"embeddable":true,"href":"https:\/\/test.imprimetresde.com\/pt-pt\/wp-json\/wp\/v2\/comments?post=7132"}],"wp:featuredmedia":[{"embeddable":true,"href":"https:\/\/test.imprimetresde.com\/pt-pt\/wp-json\/wp\/v2\/media\/7124"}],"wp:attachment":[{"href":"https:\/\/test.imprimetresde.com\/pt-pt\/wp-json\/wp\/v2\/media?parent=7132"}],"wp:term":[{"taxonomy":"product_brand","embeddable":true,"href":"https:\/\/test.imprimetresde.com\/pt-pt\/wp-json\/wp\/v2\/product_brand?post=7132"},{"taxonomy":"product_cat","embeddable":true,"href":"https:\/\/test.imprimetresde.com\/pt-pt\/wp-json\/wp\/v2\/product_cat?post=7132"},{"taxonomy":"product_tag","embeddable":true,"href":"https:\/\/test.imprimetresde.com\/pt-pt\/wp-json\/wp\/v2\/product_tag?post=7132"}],"curies":[{"name":"wp","href":"https:\/\/api.w.org\/{rel}","templated":true}]}}