{"id":7192,"date":"2018-08-22T17:16:53","date_gmt":"2018-08-22T16:16:53","guid":{"rendered":"https:\/\/test.imprimetresde.com\/producto\/7192\/"},"modified":"2025-03-26T18:19:47","modified_gmt":"2025-03-26T16:19:47","slug":"chaveiro-estrela-centenaria","status":"publish","type":"product","link":"https:\/\/test.imprimetresde.com\/pt-pt\/producto\/chaveiro-estrela-centenaria\/","title":{"rendered":"Chaveiro Estrela Centen\u00e1ria"},"content":{"rendered":"<p>Chaveiro Estrela Centen\u00e1ria desenhado pela equipe de Imprimetresde, com o s\u00edmbolo comunista da foice e do martelo de um lado e a data do Centen\u00e1rio da Revolu\u00e7\u00e3o Russa (1917-2017) do outro.<\/p>\n<p>* O material em que \u00e9 fabricado \u00e9 PLA, material de mat\u00e9ria vegetal, biodegrad\u00e1vel, n\u00e3o-t\u00f3xico e ecol\u00f3gico<\/p>\n","protected":false},"excerpt":{"rendered":"<p>Chaveiro Estrela Centen\u00e1ria desenhado pela equipe de Imprimetresde, com o s\u00edmbolo comunista da foice e do martelo de um lado e a data do Centen\u00e1rio da Revolu\u00e7\u00e3o Russa (1917-2017) do outro.<\/p>\n","protected":false},"featured_media":7197,"comment_status":"open","ping_status":"closed","template":"","meta":{"_vp_format_video_url":"","_vp_image_focal_point":[]},"product_brand":[],"product_cat":[1043,1042,996],"product_tag":[1068,1067,1064,1066,1139,1138,1061,2552,2551,2706,1065,1069,2707],"class_list":{"0":"post-7192","1":"product","2":"type-product","3":"status-publish","4":"has-post-thumbnail","6":"product_cat-activismo-pt-pt","7":"product_cat-complementos-pt-pt","8":"product_cat-cultura-pt-pt","9":"product_tag-100-anos-pt-pt","10":"product_tag-centenario-pt-pt","11":"product_tag-chaveiro-pt-pt","12":"product_tag-comunismo-pt-pt","13":"product_tag-dia-da-mae-pt-pt","14":"product_tag-dia-do-pae-pt-pt","15":"product_tag-estrela-vermelha","16":"product_tag-impresion-3d-a-coruna-pt-pt","17":"product_tag-impresion-3d-coruna-pt-pt","18":"product_tag-pin-pt-pt","19":"product_tag-revolucion-rusa-pt-pt","20":"product_tag-rusia-pt-pt","21":"product_tag-urss-pt-pt","23":"first","24":"instock","25":"sale","26":"taxable","27":"shipping-taxable","28":"purchasable","29":"product-type-simple"},"exclude_global_add_ons":[],"addons":[],"_links":{"self":[{"href":"https:\/\/test.imprimetresde.com\/pt-pt\/wp-json\/wp\/v2\/product\/7192","targetHints":{"allow":["GET"]}}],"collection":[{"href":"https:\/\/test.imprimetresde.com\/pt-pt\/wp-json\/wp\/v2\/product"}],"about":[{"href":"https:\/\/test.imprimetresde.com\/pt-pt\/wp-json\/wp\/v2\/types\/product"}],"replies":[{"embeddable":true,"href":"https:\/\/test.imprimetresde.com\/pt-pt\/wp-json\/wp\/v2\/comments?post=7192"}],"wp:featuredmedia":[{"embeddable":true,"href":"https:\/\/test.imprimetresde.com\/pt-pt\/wp-json\/wp\/v2\/media\/7197"}],"wp:attachment":[{"href":"https:\/\/test.imprimetresde.com\/pt-pt\/wp-json\/wp\/v2\/media?parent=7192"}],"wp:term":[{"taxonomy":"product_brand","embeddable":true,"href":"https:\/\/test.imprimetresde.com\/pt-pt\/wp-json\/wp\/v2\/product_brand?post=7192"},{"taxonomy":"product_cat","embeddable":true,"href":"https:\/\/test.imprimetresde.com\/pt-pt\/wp-json\/wp\/v2\/product_cat?post=7192"},{"taxonomy":"product_tag","embeddable":true,"href":"https:\/\/test.imprimetresde.com\/pt-pt\/wp-json\/wp\/v2\/product_tag?post=7192"}],"curies":[{"name":"wp","href":"https:\/\/api.w.org\/{rel}","templated":true}]}}