{"id":7247,"date":"2020-04-21T17:29:03","date_gmt":"2020-04-21T16:29:03","guid":{"rendered":"https:\/\/test.imprimetresde.com\/producto\/coleccao-estrela-vermelha\/"},"modified":"2024-07-12T15:11:16","modified_gmt":"2024-07-12T13:11:16","slug":"coleccao-estrela-vermelha","status":"publish","type":"product","link":"https:\/\/test.imprimetresde.com\/pt-pt\/producto\/coleccao-estrela-vermelha\/","title":{"rendered":"Colec\u00e7\u00e3o Estrela Vermelha"},"content":{"rendered":"<p>Colec\u00e7\u00e3o Estrela Vermelha desenhada pela equipe da Imprimetresde. Voc\u00ea pode encontrar de tudo, de brincos e pingentes a chaveiros com o s\u00edmbolo Estrela Vermelha na cor que identifica a luta prolet\u00e1ria e o internacionalismo em todo o mundo. Para dar um toque revolucion\u00e1rio ao seu look.<\/p>\n<p>* O material em que s\u00e3o fabricados \u00e9 PLA, material de planta, biodegrad\u00e1vel, n\u00e3o-t\u00f3xico e ecol\u00f3gico<\/p>\n","protected":false},"excerpt":{"rendered":"<p>Colec\u00e7\u00e3o Estrela Vermelha desenhada pela equipe da Imprimetresde. Voc\u00ea pode encontrar de tudo, de brincos e pingentes a chaveiros com o s\u00edmbolo Estrela Vermelha na cor que identifica a luta prolet\u00e1ria e o internacionalismo em todo o mundo. Para dar um toque revolucion\u00e1rio ao seu look.<\/p>\n","protected":false},"featured_media":7181,"comment_status":"open","ping_status":"closed","template":"","meta":{"_vp_format_video_url":"","_vp_image_focal_point":[]},"product_brand":[],"product_cat":[1043,1042,996],"product_tag":[1066,1072,1088],"class_list":{"0":"post-7247","1":"product","2":"type-product","3":"status-publish","4":"has-post-thumbnail","6":"product_cat-activismo-pt-pt","7":"product_cat-complementos-pt-pt","8":"product_cat-cultura-pt-pt","9":"product_tag-comunismo-pt-pt","10":"product_tag-estrella-roja-pt-pt","11":"product_tag-revolucion-pt-pt-2","13":"first","14":"instock","15":"sale","16":"taxable","17":"shipping-taxable","18":"product-type-grouped"},"exclude_global_add_ons":[],"addons":[],"_links":{"self":[{"href":"https:\/\/test.imprimetresde.com\/pt-pt\/wp-json\/wp\/v2\/product\/7247","targetHints":{"allow":["GET"]}}],"collection":[{"href":"https:\/\/test.imprimetresde.com\/pt-pt\/wp-json\/wp\/v2\/product"}],"about":[{"href":"https:\/\/test.imprimetresde.com\/pt-pt\/wp-json\/wp\/v2\/types\/product"}],"replies":[{"embeddable":true,"href":"https:\/\/test.imprimetresde.com\/pt-pt\/wp-json\/wp\/v2\/comments?post=7247"}],"wp:featuredmedia":[{"embeddable":true,"href":"https:\/\/test.imprimetresde.com\/pt-pt\/wp-json\/wp\/v2\/media\/7181"}],"wp:attachment":[{"href":"https:\/\/test.imprimetresde.com\/pt-pt\/wp-json\/wp\/v2\/media?parent=7247"}],"wp:term":[{"taxonomy":"product_brand","embeddable":true,"href":"https:\/\/test.imprimetresde.com\/pt-pt\/wp-json\/wp\/v2\/product_brand?post=7247"},{"taxonomy":"product_cat","embeddable":true,"href":"https:\/\/test.imprimetresde.com\/pt-pt\/wp-json\/wp\/v2\/product_cat?post=7247"},{"taxonomy":"product_tag","embeddable":true,"href":"https:\/\/test.imprimetresde.com\/pt-pt\/wp-json\/wp\/v2\/product_tag?post=7247"}],"curies":[{"name":"wp","href":"https:\/\/api.w.org\/{rel}","templated":true}]}}