{"id":7249,"date":"2018-04-09T11:29:29","date_gmt":"2018-04-09T10:29:29","guid":{"rendered":"https:\/\/test.imprimetresde.com\/producto\/pingente-estrela-vermelha\/"},"modified":"2025-05-07T17:44:02","modified_gmt":"2025-05-07T15:44:02","slug":"pingente-estrela-vermelha","status":"publish","type":"product","link":"https:\/\/test.imprimetresde.com\/pt-pt\/producto\/pingente-estrela-vermelha\/","title":{"rendered":"Pingente Estrela Vermelha"},"content":{"rendered":"<p>Pingente <a href=\"https:\/\/pt.wikipedia.org\/wiki\/Estrela_vermelha\">Estrela Vermelha<\/a> desenhado pela equipe Imprimetresde em cores que identifica a luta prolet\u00e1ria em todo o mundo e o internacionalismo. Para dar um toque especial \u00e0 sua imagem.<\/p>\n<p>* O material em que \u00e9 fabricado \u00e9 PLA, material de mat\u00e9ria vegetal, biodegrad\u00e1vel, n\u00e3o-t\u00f3xico e ecol\u00f3gico<\/p>\n","protected":false},"excerpt":{"rendered":"<p>Pingente <a href=\"https:\/\/pt.wikipedia.org\/wiki\/Estrela_vermelha\">Estrela Vermelha<\/a> desenhado pela equipe Imprimetresde em cores que identifica a luta prolet\u00e1ria em todo o mundo e o internacionalismo. Para dar um toque especial \u00e0 sua imagem.<\/p>\n","protected":false},"featured_media":7253,"comment_status":"open","ping_status":"closed","template":"","meta":{"_vp_format_video_url":"","_vp_image_focal_point":[]},"product_brand":[],"product_cat":[1043,1314,1042],"product_tag":[1066,1061,2221,2219,1075,1077,2220,2169],"class_list":{"0":"post-7249","1":"product","2":"type-product","3":"status-publish","4":"has-post-thumbnail","6":"product_cat-activismo-pt-pt","7":"product_cat-colares","8":"product_cat-complementos-pt-pt","9":"product_tag-comunismo-pt-pt","10":"product_tag-estrela-vermelha","11":"product_tag-internacionalismo-pt-pt","12":"product_tag-loita-proletaria-pt-pt","13":"product_tag-pingente","14":"product_tag-pingente-pt-pt","15":"product_tag-socialismo-pt-pt","16":"product_tag-souvenir-pt-pt","18":"first","19":"onbackorder","20":"sale","21":"taxable","22":"shipping-taxable","23":"purchasable","24":"product-type-simple"},"exclude_global_add_ons":[],"addons":[],"_links":{"self":[{"href":"https:\/\/test.imprimetresde.com\/pt-pt\/wp-json\/wp\/v2\/product\/7249","targetHints":{"allow":["GET"]}}],"collection":[{"href":"https:\/\/test.imprimetresde.com\/pt-pt\/wp-json\/wp\/v2\/product"}],"about":[{"href":"https:\/\/test.imprimetresde.com\/pt-pt\/wp-json\/wp\/v2\/types\/product"}],"replies":[{"embeddable":true,"href":"https:\/\/test.imprimetresde.com\/pt-pt\/wp-json\/wp\/v2\/comments?post=7249"}],"wp:featuredmedia":[{"embeddable":true,"href":"https:\/\/test.imprimetresde.com\/pt-pt\/wp-json\/wp\/v2\/media\/7253"}],"wp:attachment":[{"href":"https:\/\/test.imprimetresde.com\/pt-pt\/wp-json\/wp\/v2\/media?parent=7249"}],"wp:term":[{"taxonomy":"product_brand","embeddable":true,"href":"https:\/\/test.imprimetresde.com\/pt-pt\/wp-json\/wp\/v2\/product_brand?post=7249"},{"taxonomy":"product_cat","embeddable":true,"href":"https:\/\/test.imprimetresde.com\/pt-pt\/wp-json\/wp\/v2\/product_cat?post=7249"},{"taxonomy":"product_tag","embeddable":true,"href":"https:\/\/test.imprimetresde.com\/pt-pt\/wp-json\/wp\/v2\/product_tag?post=7249"}],"curies":[{"name":"wp","href":"https:\/\/api.w.org\/{rel}","templated":true}]}}