{"id":7324,"date":"2018-02-15T19:32:58","date_gmt":"2018-02-15T18:32:58","guid":{"rendered":"https:\/\/test.imprimetresde.com\/producto\/brincos-fouce-e-martelo\/"},"modified":"2025-03-26T18:35:11","modified_gmt":"2025-03-26T16:35:11","slug":"brincos-fouce-e-martelo","status":"publish","type":"product","link":"https:\/\/test.imprimetresde.com\/pt-pt\/producto\/brincos-fouce-e-martelo\/","title":{"rendered":"Brincos Fouce e Martelo"},"content":{"rendered":"<p>Brincos Fouce e Martelo: A fouce e o martelo (\u262d) s\u00e3o um s\u00edmbolo usado para representar o comunismo e os partidos pol\u00edticos comunistas. Os brincos desenhados pela equipe imprimetresde apresentam uma foice e um martelo de forma independente.<\/p>\n<p>* O material em que \u00e9 fabricado \u00e9 PLA, material de mat\u00e9ria vegetal, biodegrad\u00e1vel, n\u00e3o-t\u00f3xico e ecol\u00f3gico<\/p>\n","protected":false},"excerpt":{"rendered":"<p>Brincos Fouce e Martelo: A fouce e o martelo (\u262d) s\u00e3o um s\u00edmbolo usado para representar o comunismo e os partidos pol\u00edticos comunistas. Os brincos desenhados pela equipe imprimetresde apresentam uma foice e um martelo de forma independente.<\/p>\n","protected":false},"featured_media":7325,"comment_status":"open","ping_status":"closed","template":"","meta":{"_vp_format_video_url":"","_vp_image_focal_point":[]},"product_brand":[],"product_cat":[1043,1313,1042],"product_tag":[1087,1067,1066,1085,1084,2901,1088,1090,1089,1086,1076],"class_list":{"0":"post-7324","1":"product","2":"type-product","3":"status-publish","4":"has-post-thumbnail","6":"product_cat-activismo-pt-pt","7":"product_cat-brincos","8":"product_cat-complementos-pt-pt","9":"product_tag-bolchevique-pt-pt","10":"product_tag-centenario-pt-pt","11":"product_tag-comunismo-pt-pt","12":"product_tag-comunista-pt-pt","13":"product_tag-martelo-pt-pt","14":"product_tag-martillo-pt-pt","15":"product_tag-revolucion-pt-pt-2","16":"product_tag-sovieticas-pt-pt","17":"product_tag-sovietico-pt-pt","18":"product_tag-vermelho-pt-pt","19":"product_tag-vermelho","21":"first","22":"instock","23":"sale","24":"taxable","25":"shipping-taxable","26":"purchasable","27":"product-type-simple"},"exclude_global_add_ons":false,"addons":[{"name":"Material de las fornituras (opcional)","type":"checkbox","position":0,"required":false,"title_format":"label","default":"","description_enable":true,"description":"Opci\u00f3n de incorporar fornituras de plata 925, de primera ley.","placeholder_enable":false,"placeholder":"","display":"select","restrictions_type":"any_text","adjust_price":false,"price":"","price_type":"flat_fee","restrictions":false,"min":"0","max":"0","options":[{"label":"Plata","price":"5","price_type":"flat_fee","image":0,"visibility":true}]}],"_links":{"self":[{"href":"https:\/\/test.imprimetresde.com\/pt-pt\/wp-json\/wp\/v2\/product\/7324","targetHints":{"allow":["GET"]}}],"collection":[{"href":"https:\/\/test.imprimetresde.com\/pt-pt\/wp-json\/wp\/v2\/product"}],"about":[{"href":"https:\/\/test.imprimetresde.com\/pt-pt\/wp-json\/wp\/v2\/types\/product"}],"replies":[{"embeddable":true,"href":"https:\/\/test.imprimetresde.com\/pt-pt\/wp-json\/wp\/v2\/comments?post=7324"}],"wp:featuredmedia":[{"embeddable":true,"href":"https:\/\/test.imprimetresde.com\/pt-pt\/wp-json\/wp\/v2\/media\/7325"}],"wp:attachment":[{"href":"https:\/\/test.imprimetresde.com\/pt-pt\/wp-json\/wp\/v2\/media?parent=7324"}],"wp:term":[{"taxonomy":"product_brand","embeddable":true,"href":"https:\/\/test.imprimetresde.com\/pt-pt\/wp-json\/wp\/v2\/product_brand?post=7324"},{"taxonomy":"product_cat","embeddable":true,"href":"https:\/\/test.imprimetresde.com\/pt-pt\/wp-json\/wp\/v2\/product_cat?post=7324"},{"taxonomy":"product_tag","embeddable":true,"href":"https:\/\/test.imprimetresde.com\/pt-pt\/wp-json\/wp\/v2\/product_tag?post=7324"}],"curies":[{"name":"wp","href":"https:\/\/api.w.org\/{rel}","templated":true}]}}