{"id":9642,"date":"2015-11-29T12:22:31","date_gmt":"2015-11-29T10:22:31","guid":{"rendered":"https:\/\/test.imprimetresde.com\/producto\/han-solo-na-carbonite-caixa-raspberry-pi-versions\/"},"modified":"2015-11-29T12:22:31","modified_gmt":"2015-11-29T10:22:31","slug":"han-solo-na-carbonite-caixa-raspberry-pi-versions","status":"publish","type":"product","link":"https:\/\/test.imprimetresde.com\/pt-pt\/producto\/han-solo-na-carbonite-caixa-raspberry-pi-versions\/","title":{"rendered":"Han Solo na Carbonite. Caixa Raspberry PI (Versions)"},"content":{"rendered":"<h5><strong>Vista 3D<\/strong> (Click + esquerda ou dereita para rotar)<\/h5>\n<img data-area='' data-attr='{}' data-brake='0.23' data-clickfree='false' data-cursor='url(\"https:\/\/test.imprimetresde.com\/wp-content\/plugins\/wp-reel\/cur\/jquery.reel.cur\"),hand' data-cw='false' data-delay='0' data-directional='' data-draggable='true' data-duration='' data-entry='' data-footage='6' data-framelock='false' data-graph='' data-hint='' data-horizontal='true' data-indicator='0' data-inversed='false' data-klass='' data-lazyness='' data-monitor='' data-opening='0' data-orbital='0' data-orientable='' data-preload='fidelity' data-preloader='4' data-rebound='0.5' data-responsive='true' data-row='1' data-rows='0' data-rowlock='false' data-scrollable='true' data-shy='false' data-spacing='0' data-steppable='true' data-tempo='25' data-throwable='true' data-velocity='0' data-vertical='false' data-wheelable='true' width='575' height='310'  class='reel' data-revolution='575'  data-speed='0'  data-loops='true'  data-frames='40' data-size='' data-frame='1'   data-images='https:\/\/test.imprimetresde.com\/wp-content\/uploads\/2015\/11\/hansolo_anim000005-opt.jpg,https:\/\/test.imprimetresde.com\/wp-content\/uploads\/2015\/11\/hansolo_anim000006-opt.jpg,https:\/\/test.imprimetresde.com\/wp-content\/uploads\/2015\/11\/hansolo_anim000007-opt.jpg,https:\/\/test.imprimetresde.com\/wp-content\/uploads\/2015\/11\/hansolo_anim000008-opt.jpg,https:\/\/test.imprimetresde.com\/wp-content\/uploads\/2015\/11\/hansolo_anim000009-opt.jpg,https:\/\/test.imprimetresde.com\/wp-content\/uploads\/2015\/11\/hansolo_anim000010-opt.jpg,https:\/\/test.imprimetresde.com\/wp-content\/uploads\/2015\/11\/hansolo_anim000011-opt.jpg,https:\/\/test.imprimetresde.com\/wp-content\/uploads\/2015\/11\/hansolo_anim000012-opt.jpg,https:\/\/test.imprimetresde.com\/wp-content\/uploads\/2015\/11\/hansolo_anim000013-opt.jpg,https:\/\/test.imprimetresde.com\/wp-content\/uploads\/2015\/11\/hansolo_anim000014-opt.jpg,https:\/\/test.imprimetresde.com\/wp-content\/uploads\/2015\/11\/hansolo_anim000015-opt.jpg,https:\/\/test.imprimetresde.com\/wp-content\/uploads\/2015\/11\/hansolo_anim000016-opt.jpg,https:\/\/test.imprimetresde.com\/wp-content\/uploads\/2015\/11\/hansolo_anim000017-opt.jpg,https:\/\/test.imprimetresde.com\/wp-content\/uploads\/2015\/11\/hansolo_anim000018-opt.jpg,https:\/\/test.imprimetresde.com\/wp-content\/uploads\/2015\/11\/hansolo_anim000019-opt.jpg,https:\/\/test.imprimetresde.com\/wp-content\/uploads\/2015\/11\/hansolo_anim000020-opt.jpg,https:\/\/test.imprimetresde.com\/wp-content\/uploads\/2015\/11\/hansolo_anim000021-opt.jpg,https:\/\/test.imprimetresde.com\/wp-content\/uploads\/2015\/11\/hansolo_anim000022-opt.jpg,https:\/\/test.imprimetresde.com\/wp-content\/uploads\/2015\/11\/hansolo_anim000023-opt.jpg,https:\/\/test.imprimetresde.com\/wp-content\/uploads\/2015\/11\/hansolo_anim000024-opt.jpg,https:\/\/test.imprimetresde.com\/wp-content\/uploads\/2015\/11\/hansolo_anim000025-opt.jpg,https:\/\/test.imprimetresde.com\/wp-content\/uploads\/2015\/11\/hansolo_anim000026-opt.jpg,https:\/\/test.imprimetresde.com\/wp-content\/uploads\/2015\/11\/hansolo_anim000027-opt.jpg,https:\/\/test.imprimetresde.com\/wp-content\/uploads\/2015\/11\/hansolo_anim000028-opt.jpg,https:\/\/test.imprimetresde.com\/wp-content\/uploads\/2015\/11\/hansolo_anim000029-opt.jpg,https:\/\/test.imprimetresde.com\/wp-content\/uploads\/2015\/11\/hansolo_anim000030-opt.jpg,https:\/\/test.imprimetresde.com\/wp-content\/uploads\/2015\/11\/hansolo_anim000031-opt.jpg,https:\/\/test.imprimetresde.com\/wp-content\/uploads\/2015\/11\/hansolo_anim000032-opt.jpg,https:\/\/test.imprimetresde.com\/wp-content\/uploads\/2015\/11\/hansolo_anim000033-opt.jpg,https:\/\/test.imprimetresde.com\/wp-content\/uploads\/2015\/11\/hansolo_anim000034-opt.jpg,https:\/\/test.imprimetresde.com\/wp-content\/uploads\/2015\/11\/hansolo_anim000035-opt.jpg,https:\/\/test.imprimetresde.com\/wp-content\/uploads\/2015\/11\/hansolo_anim000036-opt.jpg,https:\/\/test.imprimetresde.com\/wp-content\/uploads\/2015\/11\/hansolo_anim000037-opt.jpg,https:\/\/test.imprimetresde.com\/wp-content\/uploads\/2015\/11\/hansolo_anim000038-opt.jpg,https:\/\/test.imprimetresde.com\/wp-content\/uploads\/2015\/11\/hansolo_anim000039-opt.jpg,https:\/\/test.imprimetresde.com\/wp-content\/uploads\/2015\/11\/hansolo_anim000040-opt.jpg,https:\/\/test.imprimetresde.com\/wp-content\/uploads\/2015\/11\/hansolo_anim000001-opt.jpg,https:\/\/test.imprimetresde.com\/wp-content\/uploads\/2015\/11\/hansolo_anim000002-opt.jpg,https:\/\/test.imprimetresde.com\/wp-content\/uploads\/2015\/11\/hansolo_anim000003-opt.jpg,https:\/\/test.imprimetresde.com\/wp-content\/uploads\/2015\/11\/hansolo_anim000004-opt.jpg' src='https:\/\/test.imprimetresde.com\/wp-content\/uploads\/2015\/11\/hansolo_anim000005-opt.jpg' >\n<p>Congelado na <a href=\"https:\/\/starwars.fandom.com\/es\/wiki\/Carbonita\">Carbonite<\/a> por Darth Vader, viajou metade da gal\u00e1xia para lhe servir, em \u00faltima an\u00e1lise, como um microcomputador de baixo custo, j\u00e1 que ser\u00e1 usado como embalagem \/ caixa para o Raspberry Pi \/ 2B+, agora tamb\u00e9m para o Raspberry Pi 3B \/ 3B+ e vers\u00e3o para Raspberry 4B!<\/p>\n<p>O amor por Star Wars de seu criador, Rigelbot de Austin, Texas, o levou a remixar esses dois conceitos excelentes, o de Han Solo preso em Carbonite e o case de Raspberry Pi \/ 2B+, tamb\u00e9m de Raspberry Pi 3B \/ 3B+ e vers\u00e3o para Raspberry 4B! Muito obrigado a Geoffro e Aurelio pelos modelos originais.<\/p>\n<p>** Pode ser personalizado com at\u00e9 8 caracteres, o que permite adicionar nomes, marcas, etc.<\/p>\n","protected":false},"excerpt":{"rendered":"<p>Congelado em Carbonite por Darth Vader, Han Solo viajou metade da gal\u00e1xia para lhe servir, em \u00faltima inst\u00e2ncia, como um microcomputador de baixo custo, j\u00e1 que ser\u00e1 usado como embalagem \/ caixa para o Raspberry Pi \/ 2B+, agora tamb\u00e9m para o Raspberry Pi 3B \/ 3B+ e vers\u00e3o para Raspberry 4B!<\/p>\n<p>* O material de fabrica\u00e7\u00e3o \u00e9 PLA, ecol\u00f3gico e recicl\u00e1vel<\/p>\n","protected":false},"featured_media":9641,"comment_status":"open","ping_status":"closed","template":"","meta":{"_vp_format_video_url":"","_vp_image_focal_point":[]},"product_brand":[],"product_cat":[995,1071,1644],"product_tag":[1645,1646,1647,1648,1649],"class_list":{"0":"post-9642","1":"product","2":"type-product","3":"status-publish","4":"has-post-thumbnail","6":"product_cat-ambente","7":"product_cat-gadgets-pt-pt","8":"product_cat-star-wars-pt-pt","9":"product_tag-caixa-pt-pt","10":"product_tag-carbonite-pt-pt","11":"product_tag-han-solo-pt-pt","12":"product_tag-raspberry-pt-pt","13":"product_tag-star-wars-pt-pt","15":"first","16":"instock","17":"sale","18":"taxable","19":"shipping-taxable","20":"purchasable","21":"product-type-variable"},"exclude_global_add_ons":false,"addons":[{"name":"Texto personalizado","type":"heading","position":0,"required":false,"title_format":"label","default":"","description_enable":true,"description":"**Texto que llevar\u00e1 el objeto al imprimirlo (8 caracteres m\u00e1ximo)","placeholder_enable":false,"placeholder":"","display":"select","restrictions_type":"any_text","adjust_price":false,"price":"","price_type":"","restrictions":false,"min":"0","max":"0","options":[]},{"name":"Texto","type":"custom_text","position":0,"required":false,"title_format":"label","default":"","description_enable":false,"description":"","placeholder_enable":false,"placeholder":"","display":"select","restrictions_type":"any_text","adjust_price":true,"price":"5","price_type":"quantity_based","restrictions":false,"min":"","max":"","options":[]}],"_links":{"self":[{"href":"https:\/\/test.imprimetresde.com\/pt-pt\/wp-json\/wp\/v2\/product\/9642","targetHints":{"allow":["GET"]}}],"collection":[{"href":"https:\/\/test.imprimetresde.com\/pt-pt\/wp-json\/wp\/v2\/product"}],"about":[{"href":"https:\/\/test.imprimetresde.com\/pt-pt\/wp-json\/wp\/v2\/types\/product"}],"replies":[{"embeddable":true,"href":"https:\/\/test.imprimetresde.com\/pt-pt\/wp-json\/wp\/v2\/comments?post=9642"}],"wp:featuredmedia":[{"embeddable":true,"href":"https:\/\/test.imprimetresde.com\/pt-pt\/wp-json\/wp\/v2\/media\/9641"}],"wp:attachment":[{"href":"https:\/\/test.imprimetresde.com\/pt-pt\/wp-json\/wp\/v2\/media?parent=9642"}],"wp:term":[{"taxonomy":"product_brand","embeddable":true,"href":"https:\/\/test.imprimetresde.com\/pt-pt\/wp-json\/wp\/v2\/product_brand?post=9642"},{"taxonomy":"product_cat","embeddable":true,"href":"https:\/\/test.imprimetresde.com\/pt-pt\/wp-json\/wp\/v2\/product_cat?post=9642"},{"taxonomy":"product_tag","embeddable":true,"href":"https:\/\/test.imprimetresde.com\/pt-pt\/wp-json\/wp\/v2\/product_tag?post=9642"}],"curies":[{"name":"wp","href":"https:\/\/api.w.org\/{rel}","templated":true}]}}