{"id":9906,"date":"2020-08-12T17:00:25","date_gmt":"2020-08-12T15:00:25","guid":{"rendered":"https:\/\/test.imprimetresde.com\/producto\/pingente-de-sardinha\/"},"modified":"2025-09-17T13:31:32","modified_gmt":"2025-09-17T11:31:32","slug":"pingente-de-sardinha","status":"publish","type":"product","link":"https:\/\/test.imprimetresde.com\/pt-pt\/producto\/pingente-de-sardinha\/","title":{"rendered":"Pingente de sardinha"},"content":{"rendered":"<p>Pingente de sardinha, desenho I3D original. Lindo colar com o raspar de uma sardinha t\u00e3o t\u00edpica das nossas costas. Para si ou de presente, orgulhe-se de um peda\u00e7o do nosso mar!<\/p>\n<p>* O material no qual \u00e9 feito \u00e9 PLA, material de mat\u00e9ria vegetal, biodegrad\u00e1vel, n\u00e3o t\u00f3xico e ecol\u00f3gico<\/p>\n","protected":false},"excerpt":{"rendered":"<p>Pingente de sardinha, desenho I3D original. Lindo colar com o raspar de uma sardinha t\u00e3o t\u00edpica das nossas costas. Para si ou de presente, orgulhe-se de um peda\u00e7o do nosso mar!<\/p>\n","protected":false},"featured_media":9889,"comment_status":"open","ping_status":"closed","template":"","meta":{"_vp_format_video_url":"","_vp_image_focal_point":[]},"product_brand":[],"product_cat":[1314,1042,996],"product_tag":[1139,2920,1702,997,1704,1703,2552,2551,1706,1710,1077,1711,1709,1707,2169,1705],"class_list":{"0":"post-9906","1":"product","2":"type-product","3":"status-publish","4":"has-post-thumbnail","6":"product_cat-colares","7":"product_cat-complementos-pt-pt","8":"product_cat-cultura-pt-pt","9":"product_tag-dia-da-mae-pt-pt","10":"product_tag-furancho-pt-pt","11":"product_tag-galega-pt-pt","12":"product_tag-galego-pt-pt","13":"product_tag-galicia-pt-pt","14":"product_tag-galiza-pt-pt","15":"product_tag-impresion-3d-a-coruna-pt-pt","16":"product_tag-impresion-3d-coruna-pt-pt","17":"product_tag-mar-pt-pt","18":"product_tag-peixe-pt-pt-2","19":"product_tag-pingente-pt-pt","20":"product_tag-raspar","21":"product_tag-san-xoan-pt-pt","22":"product_tag-sardinha","23":"product_tag-souvenir-pt-pt","24":"product_tag-tipico-pt-pt","26":"first","27":"instock","28":"taxable","29":"shipping-taxable","30":"purchasable","31":"product-type-simple"},"exclude_global_add_ons":false,"addons":[{"name":"Material da Cadea (opcional)","type":"checkbox","position":0,"required":false,"title_format":"label","default":"","description_enable":true,"description":"Op\u00e7ao de facer a pe\u00e7a con cadea e accesorios de prata 925, de primera lei.","placeholder_enable":false,"placeholder":"","display":"select","restrictions_type":"any_text","adjust_price":false,"price":"","price_type":"flat_fee","restrictions":false,"min":"0","max":"0","options":[{"label":"Prata","price":"10","price_type":"flat_fee","image":0,"visibility":true}]}],"_links":{"self":[{"href":"https:\/\/test.imprimetresde.com\/pt-pt\/wp-json\/wp\/v2\/product\/9906","targetHints":{"allow":["GET"]}}],"collection":[{"href":"https:\/\/test.imprimetresde.com\/pt-pt\/wp-json\/wp\/v2\/product"}],"about":[{"href":"https:\/\/test.imprimetresde.com\/pt-pt\/wp-json\/wp\/v2\/types\/product"}],"replies":[{"embeddable":true,"href":"https:\/\/test.imprimetresde.com\/pt-pt\/wp-json\/wp\/v2\/comments?post=9906"}],"wp:featuredmedia":[{"embeddable":true,"href":"https:\/\/test.imprimetresde.com\/pt-pt\/wp-json\/wp\/v2\/media\/9889"}],"wp:attachment":[{"href":"https:\/\/test.imprimetresde.com\/pt-pt\/wp-json\/wp\/v2\/media?parent=9906"}],"wp:term":[{"taxonomy":"product_brand","embeddable":true,"href":"https:\/\/test.imprimetresde.com\/pt-pt\/wp-json\/wp\/v2\/product_brand?post=9906"},{"taxonomy":"product_cat","embeddable":true,"href":"https:\/\/test.imprimetresde.com\/pt-pt\/wp-json\/wp\/v2\/product_cat?post=9906"},{"taxonomy":"product_tag","embeddable":true,"href":"https:\/\/test.imprimetresde.com\/pt-pt\/wp-json\/wp\/v2\/product_tag?post=9906"}],"curies":[{"name":"wp","href":"https:\/\/api.w.org\/{rel}","templated":true}]}}